{"id":171,"date":"2016-09-28T07:09:27","date_gmt":"2016-09-28T07:09:27","guid":{"rendered":"http:\/\/gsfgida.com.tr\/?page_id=171"},"modified":"2020-07-28T17:53:37","modified_gmt":"2020-07-28T14:53:37","slug":"hakkimizda","status":"publish","type":"page","link":"https:\/\/gsfgida.com.tr\/?page_id=171","title":{"rendered":"KURUMSAL"},"content":{"rendered":"<p>[vc_row][vc_column]<div class=\"sc_section\"><div class=\"sc_section_inner\"><h2 class=\"sc_section_title sc_item_title sc_item_title_without_descr\">HAKKIMIZDA<span><\/span><\/h2><div class=\"sc_section_content_wrap\">[vc_column_text]GSF GIDA 2003 YILINDA SAKARYANIN AKYAZI \u0130L\u00c7ES\u0130NDE 60.000 METREKARE ARAZ\u0130 \u00dcZER\u0130NE %100 YERL\u0130 SERMAYE \u0130LE KURULAN 2004 YILINDA FAL\u0130YET\u0130N\u0130 TAMAMLAMI\u015e OLUP \u00dcRET\u0130M\u0130NE YERL\u0130 MISIR N\u0130\u015eASTASI VE N\u0130\u015eASTA BAZLI \u00dcR\u00dcNLER \u00a0\u0130LE BA\u015eLAMI\u015eTIR.<\/p>\n<p>GSF GIDA HAMMADDE OLARAK KULLANDI\u011eI MISIRDAN DO\u011eAYA VE \u0130NSANA SAYGILI OLARAK NON GMO SADECE YERL\u0130 MISIR KULLANARAK KAR N\u0130\u015eASTA ADI ALTINDA DO\u011eAL MISIR N\u0130\u015eASTASI,GLIKOZ,\u0130ZO-GLIKOZ, MALTODESTR\u0130N VE YAN \u00dcR\u00dcN ADI ALTINDA GLUTEN,\u00d6Z,KEPEK VE MISIR KIRI\u011eI \u00dcR\u00dcNLER\u0130YLE B\u0130RL\u0130KTE GIDA VE YEM SEKT\u00d6R\u00dcN\u00dcN H\u0130ZMET\u0130NE SUNMAKTADIR.<\/p>\n<p>\u00dcRET\u0130M KONUSUNDA UZMAN VE DENEY\u0130ML\u0130 Y\u00d6NET\u0130M KADROSU S\u00dcREKL\u0130 \u0130LERLEME VE YEN\u0130L\u0130K\u00c7\u0130 ANLAYI\u015e \u0130LE GIDA G\u00dcVENL\u0130\u011e\u0130 SERT\u0130F\u0130KASYONLARI BELGELER\u0130YLE B\u0130RL\u0130KTE T\u00dcKET\u0130C\u0130LERE G\u00dcVEN\u0130L\u0130R VE KAL\u0130TEL\u0130 \u00dcR\u00dcNLER SUNMAKTADIR.<\/p>\n<p><strong>V\u0130ZYONUMUZ<\/strong><\/p>\n<p>SUNDU\u011eUMUZ H\u0130ZMET VE \u00dcR\u00dcNLER\u0130M\u0130Z \u0130LE FARK YARATARAK SEKT\u00d6R L\u0130DER\u0130 OLMAK,ULUSLAR ARASI D\u00dcZEYDE \u0130SE FAAL\u0130YET G\u00d6STERD\u0130\u011e\u0130M\u0130Z ALANDA MARKALA\u015eARAK KEND\u0130S\u0130N\u0130 KABUL ETT\u0130RM\u0130\u015e \u00d6NC\u00dc B\u0130R \u015e\u0130RKET HAL\u0130NE GELMEK.<\/p>\n<p><strong>M\u0130SYONUMUZ<\/strong><\/p>\n<p>KAL\u0130TE ANLAYI\u015eINI S\u00dcREKL\u0130 GEL\u0130\u015eT\u0130REREK KAL\u0130TEL\u0130 \u00dcR\u00dcNLER VE H\u0130ZMET ANLAYI\u015eINA S\u00dcREKL\u0130L\u0130K KAZANDIRMAK VE BUNLARIN YANISIRA \u0130NSANA VE \u00c7EVREYE DUYARLI \u00d6NC\u00dc VE \u00d6RNEK B\u0130R \u015e\u0130RKET OLMAK.[\/vc_column_text][vc_empty_space]<\/div><\/div><\/div>[\/vc_column][\/vc_row][vc_row full_width=&#8221;stretch_row&#8221; inverse=&#8221;yes&#8221; css=&#8221;.vc_custom_1591609988095{background-image: url(http:\/\/gsfgida.com.tr\/wp-content\/uploads\/2020\/06\/anasayfa-bg-compressor.jpg?id=888) !important;background-position: center !important;background-repeat: no-repeat !important;background-size: cover !important;}&#8221;][vc_column width=&#8221;1\/2&#8243; css=&#8221;.vc_custom_1475235191339{margin-top: 2.65em !important;margin-bottom: 0.6em !important;padding-left: 5.5em !important;}&#8221;]<div class=\"sc_section sc_section_block \" data-animation=\"animated fadeInLeft normal\"><div class=\"sc_section_inner\"><div class=\"sc_section_content_wrap\"><div class=\"sc_section margin_bottom_tiny- alignleft\" style=\"width:100%;width:100%;\"><div class=\"sc_section_inner\"><h2 class=\"sc_section_title sc_item_title sc_item_title_without_descr\">GSF GIDA<span><\/span><\/h2><div class=\"sc_section_content_wrap\"><\/div><\/div><\/div><div class=\"sc_section margin_bottom_huge section_style_call_section\"><div class=\"sc_section_inner\"><h2 class=\"sc_section_title sc_item_title sc_item_title_without_descr\">DO\u011eAL VE KAL\u0130TEL\u0130 \u00dcRET\u0130M<span><\/span><\/h2><div class=\"sc_section_descr sc_item_descr\">GSF G\u0131da Sanayi Fab \u00dcretim San ve Tic A\u015e ticaret ahlak\u0131 olarak t\u00fcm etik davran\u0131\u015flar\u0131 benimsemi\u015f bir \u015fekilde \u00fcretim yapmaktad\u0131r. \u00dcretim prensiplerimizde \u00f6nceli\u011fimiz her zaman do\u011fal ve kaliteli \u00fcretim olmu\u015ftur.<\/div><div class=\"sc_section_content_wrap\"><\/div><\/div><\/div><\/div><\/div><\/div>[\/vc_column][vc_column width=&#8221;5\/12&#8243; css=&#8221;.vc_custom_1475235352066{margin-top: 3em !important;padding-left: 4.7em !important;}&#8221;]<figure class=\"sc_image  sc_image_shape_square margin_top_huge\" data-animation=\"animated fadeInRight normal\"><img src=\"https:\/\/gsfgida.com.tr\/wp-content\/uploads\/2020\/06\/sertifikalar.png\" alt=\"\" \/><\/figure>[\/vc_column][vc_column width=&#8221;1\/12&#8243;][\/vc_column][\/vc_row]<\/p>\n","protected":false},"excerpt":{"rendered":"<p>[vc_row][vc_column][\/vc_column][\/vc_row][vc_row full_width=&#8221;stretch_row&#8221; inverse=&#8221;yes&#8221; css=&#8221;.vc_custom_1591609988095{background-image: url(http:\/\/gsfgida.com.tr\/wp-content\/uploads\/2020\/06\/anasayfa-bg-compressor.jpg?id=888) !important;background-position: center !important;background-repeat: no-repeat !important;background-size: cover !important;}&#8221;][vc_column width=&#8221;1\/2&#8243; css=&#8221;.vc_custom_1475235191339{margin-top: 2.65em !important;margin-bottom: 0.6em !important;padding-left: 5.5em !important;}&#8221;][\/vc_column][vc_column width=&#8221;5\/12&#8243; css=&#8221;.vc_custom_1475235352066{margin-top: 3em !important;padding-left: 4.7em !important;}&#8221;][\/vc_column][vc_column width=&#8221;1\/12&#8243;][\/vc_column][\/vc_row]<\/p>\n","protected":false},"author":1,"featured_media":0,"parent":0,"menu_order":0,"comment_status":"closed","ping_status":"closed","template":"","meta":[],"_links":{"self":[{"href":"https:\/\/gsfgida.com.tr\/index.php?rest_route=\/wp\/v2\/pages\/171"}],"collection":[{"href":"https:\/\/gsfgida.com.tr\/index.php?rest_route=\/wp\/v2\/pages"}],"about":[{"href":"https:\/\/gsfgida.com.tr\/index.php?rest_route=\/wp\/v2\/types\/page"}],"author":[{"embeddable":true,"href":"https:\/\/gsfgida.com.tr\/index.php?rest_route=\/wp\/v2\/users\/1"}],"replies":[{"embeddable":true,"href":"https:\/\/gsfgida.com.tr\/index.php?rest_route=%2Fwp%2Fv2%2Fcomments&post=171"}],"version-history":[{"count":14,"href":"https:\/\/gsfgida.com.tr\/index.php?rest_route=\/wp\/v2\/pages\/171\/revisions"}],"predecessor-version":[{"id":1030,"href":"https:\/\/gsfgida.com.tr\/index.php?rest_route=\/wp\/v2\/pages\/171\/revisions\/1030"}],"wp:attachment":[{"href":"https:\/\/gsfgida.com.tr\/index.php?rest_route=%2Fwp%2Fv2%2Fmedia&parent=171"}],"curies":[{"name":"wp","href":"https:\/\/api.w.org\/{rel}","templated":true}]}}