{"id":129,"date":"2016-09-27T11:57:50","date_gmt":"2016-09-27T11:57:50","guid":{"rendered":"http:\/\/gsfgida.com.tr\/?page_id=129"},"modified":"2020-08-29T12:45:28","modified_gmt":"2020-08-29T09:45:28","slug":"homepage-1","status":"publish","type":"page","link":"https:\/\/gsfgida.com.tr\/","title":{"rendered":"Anasayfa"},"content":{"rendered":"<p>[vc_row full_width=&#8221;stretch_row&#8221; css=&#8221;.vc_custom_1591456026293{background-image: url(http:\/\/gsfgida.com.tr\/wp-content\/uploads\/2020\/06\/yellow_bg-compressor.png?id=855) !important;background-position: center !important;background-repeat: no-repeat !important;background-size: cover !important;}&#8221;][vc_column]<div class=\"sc_section margin_bottom_small section_style_dark_text\" data-animation=\"animated fadeInUp normal\"><div class=\"sc_section_inner\"><h2 class=\"sc_section_title sc_item_title sc_item_title_without_descr\">GSF G\u0131da Sanayi Fab \u00dcretim San ve Tic A\u015e<span><\/span><\/h2><div class=\"sc_section_content_wrap\"><div class=\"sc_section sc_section_block margin_bottom_large aligncenter\" style=\"max-width: 800px;margin-top: -1.5rem;\"><div class=\"sc_section_inner\"><div class=\"sc_section_content_wrap\"><span class=\"sc_highlight\" style=\"color:#ffffff;font-size:1.2em; line-height: 1.45em;\"><span style=\"color: #000000;\"><strong>\u00c7al\u0131\u015fanlar\u0131m\u0131z, m\u00fc\u015fterilerimiz ve tedarik\u00e7ilerimizle ile birlikte istikrarl\u0131 b\u00fcy\u00fcyerek topluma kar\u015f\u0131 sosyal sorumluluklar\u0131n\u0131n bilincinde olan, ara\u015ft\u0131ran, geli\u015ftiren ve insan odakl\u0131 yat\u0131r\u0131mlar\u0131 ilke edinen, \u00fcst\u00fcn kalite ve teknolojisiyle m\u00fckemmelli\u011fi hedefleyen bir firmad\u0131r.<\/strong><\/span><\/span><\/div><\/div><\/div>[vc_empty_space height=&#8221;0.6rem&#8221;]<\/div><\/div><\/div>[\/vc_column][\/vc_row][vc_row][vc_column]<div class=\"sc_section aligncenter\" data-animation=\"animated fadeInUp normal\"><div class=\"sc_section_inner\"><div class=\"sc_section_content_wrap\"><figure class=\"sc_image  sc_image_shape_square margin_top_huge-\"><img src=\"https:\/\/gsfgida.com.tr\/wp-content\/uploads\/2020\/06\/big-cow2.png\" alt=\"\" \/><\/figure><\/div><\/div><\/div>[\/vc_column][\/vc_row][vc_row][vc_column css=&#8221;.vc_custom_1475066123130{margin-top: 2.35rem !important;margin-bottom: 1rem !important;}&#8221;]<div id=\"sc_services_1734942242_wrap\" class=\"sc_services_wrap\"><div id=\"sc_services_1734942242\" class=\"sc_services sc_services_style_services-1 sc_services_type_images  margin_top_large margin_bottom_large\" style=\"width:100%;\" data-animation=\"animated fadeInUp normal\"><div class=\"sc_columns columns_wrap\"><div class=\"column-1_4 column_padding_bottom\">\t\t\t<div id=\"sc_services_1734942242_1\"\t\t\t\tclass=\"sc_services_item sc_services_item_1 odd first\"\n\t\t\t\t>\n\t\t\t\t\t\t\t\t\t<div class=\"sc_services_item_featured post_featured\">\n\t\t\t\t\t\t\t<div class=\"post_thumb\" data-image=\"\" data-title=\"MISIR N\u0130\u015eASTASI\">\n\t<a class=\"hover_icon hover_icon_link\" href=\"http:\/\/gsfgida.com.tr\/product-category\/misir-nisastasi\/\"><img class=\"wp-post-image\" width=\"370\" height=\"300\" alt=\"urunlerimiz-nisasta-compressor.jpg\" src=\"https:\/\/gsfgida.com.tr\/wp-content\/uploads\/2020\/06\/urunlerimiz-nisasta-compressor.jpg\"><\/a>\t<\/div>\n\t\t\t\t\t\t<\/div>\n\t\t\t\t\t\t\t\t\t<div class=\"sc_services_item_content\">\n\t\t\t\t\t<h4 class=\"sc_services_item_title\"><a href=\"http:\/\/gsfgida.com.tr\/product-category\/misir-nisastasi\/\">MISIR N\u0130\u015eASTASI<\/a><\/h4>\n\t\t\t\t\t<div class=\"sc_services_item_description\">\n\t\t\t\t\t\t<p>[vc_column_text]<\/p>\n<p>Birinci Kalite Do\u011fal M\u0131s\u0131r \u00dcr\u00fcnleri<\/p>\n<p>[\/vc_column_text]<\/p><a href=\"http:\/\/gsfgida.com.tr\/product-category\/misir-nisastasi\/\" class=\"sc_button sc_button_square sc_button_style_filled sc_button_size_small\">T\u00dcM \u00dcR\u00dcNLER<\/a>\t\t\t\t\t<\/div>\n\t\t\t\t<\/div>\n\t\t\t<\/div>\n\t\t<\/div><div class=\"column-1_4 column_padding_bottom\">\t\t\t<div id=\"sc_services_1734942242_2\"\t\t\t\tclass=\"sc_services_item sc_services_item_2 even\"\n\t\t\t\t>\n\t\t\t\t\t\t\t\t\t<div class=\"sc_services_item_featured post_featured\">\n\t\t\t\t\t\t\t<div class=\"post_thumb\" data-image=\"\" data-title=\"GL\u0130KOZ \u015eURUPLARI\">\n\t<a class=\"hover_icon hover_icon_link\" href=\"http:\/\/gsfgida.com.tr\/product-category\/glikoz\/\"><img class=\"wp-post-image\" width=\"370\" height=\"300\" alt=\"urunlerimiz-misir-surubu.jpg\" src=\"https:\/\/gsfgida.com.tr\/wp-content\/uploads\/2020\/06\/urunlerimiz-misir-surubu.jpg\"><\/a>\t<\/div>\n\t\t\t\t\t\t<\/div>\n\t\t\t\t\t\t\t\t\t<div class=\"sc_services_item_content\">\n\t\t\t\t\t<h4 class=\"sc_services_item_title\"><a href=\"http:\/\/gsfgida.com.tr\/product-category\/glikoz\/\">GL\u0130KOZ \u015eURUPLARI<\/a><\/h4>\n\t\t\t\t\t<div class=\"sc_services_item_description\">\n\t\t\t\t\t\t<p>[vc_column_text]<\/p>\n<p>Birinci Kalite Do\u011fal M\u0131s\u0131r \u015euruplar\u0131<\/p>\n<p>[\/vc_column_text]<\/p><a href=\"http:\/\/gsfgida.com.tr\/product-category\/glikoz\/\" class=\"sc_button sc_button_square sc_button_style_filled sc_button_size_small\">T\u00dcM \u00dcR\u00dcNLER<\/a>\t\t\t\t\t<\/div>\n\t\t\t\t<\/div>\n\t\t\t<\/div>\n\t\t<\/div><div class=\"column-1_4 column_padding_bottom\">\t\t\t<div id=\"sc_services_1734942242_3\"\t\t\t\tclass=\"sc_services_item sc_services_item_3 odd\"\n\t\t\t\t>\n\t\t\t\t\t\t\t\t\t<div class=\"sc_services_item_featured post_featured\">\n\t\t\t\t\t\t\t<div class=\"post_thumb\" data-image=\"\" data-title=\"FRUKTOZ \u015eURUPLARI\">\n\t<a class=\"hover_icon hover_icon_link\" href=\"http:\/\/gsfgida.com.tr\/product-category\/fruktoz\/\"><img class=\"wp-post-image\" width=\"370\" height=\"300\" alt=\"urunlerimiz-misir.jpg\" src=\"https:\/\/gsfgida.com.tr\/wp-content\/uploads\/2020\/06\/urunlerimiz-misir.jpg\"><\/a>\t<\/div>\n\t\t\t\t\t\t<\/div>\n\t\t\t\t\t\t\t\t\t<div class=\"sc_services_item_content\">\n\t\t\t\t\t<h4 class=\"sc_services_item_title\"><a href=\"http:\/\/gsfgida.com.tr\/product-category\/fruktoz\/\">FRUKTOZ \u015eURUPLARI<\/a><\/h4>\n\t\t\t\t\t<div class=\"sc_services_item_description\">\n\t\t\t\t\t\t<p>[vc_column_text]<\/p>\n<p>Birinci Kalite Do\u011fal M\u0131s\u0131r Ni\u015fastas\u0131<\/p>\n<p>[\/vc_column_text]<\/p><a href=\"http:\/\/gsfgida.com.tr\/product-category\/fruktoz\/\" class=\"sc_button sc_button_square sc_button_style_filled sc_button_size_small\">T\u00dcM \u00dcR\u00dcNLER<\/a>\t\t\t\t\t<\/div>\n\t\t\t\t<\/div>\n\t\t\t<\/div>\n\t\t<\/div><div class=\"column-1_4 column_padding_bottom\">\t\t\t<div id=\"sc_services_1734942242_4\"\t\t\t\tclass=\"sc_services_item sc_services_item_4 even\"\n\t\t\t\t>\n\t\t\t\t\t\t\t\t\t<div class=\"sc_services_item_featured post_featured\">\n\t\t\t\t\t\t\t<div class=\"post_thumb\" data-image=\"\" data-title=\"YAN \u00dcR\u00dcNLER\">\n\t<a class=\"hover_icon hover_icon_link\" href=\"http:\/\/gsfgida.com.tr\/product-category\/yan-urunler\/\"><img class=\"wp-post-image\" width=\"370\" height=\"300\" alt=\"urunlerimiz-yan.jpg\" src=\"https:\/\/gsfgida.com.tr\/wp-content\/uploads\/2020\/06\/urunlerimiz-yan.jpg\"><\/a>\t<\/div>\n\t\t\t\t\t\t<\/div>\n\t\t\t\t\t\t\t\t\t<div class=\"sc_services_item_content\">\n\t\t\t\t\t<h4 class=\"sc_services_item_title\"><a href=\"http:\/\/gsfgida.com.tr\/product-category\/yan-urunler\/\">YAN \u00dcR\u00dcNLER<\/a><\/h4>\n\t\t\t\t\t<div class=\"sc_services_item_description\">\n\t\t\t\t\t\t<p>[vc_column_text]<\/p>\n<p>Birinci Kalite Yan \u00dcr\u00fcnler<\/p>\n<p>[\/vc_column_text]<\/p><a href=\"http:\/\/gsfgida.com.tr\/product-category\/yan-urunler\/\" class=\"sc_button sc_button_square sc_button_style_filled sc_button_size_small\">T\u00dcM \u00dcR\u00dcNLER<\/a>\t\t\t\t\t<\/div>\n\t\t\t\t<\/div>\n\t\t\t<\/div>\n\t\t<\/div><\/div><\/div><!-- \/.sc_services --><\/div><!-- \/.sc_services_wrap -->[\/vc_column][\/vc_row][vc_row full_width=&#8221;stretch_row&#8221; inverse=&#8221;yes&#8221; css=&#8221;.vc_custom_1591609988095{background-image: url(http:\/\/gsfgida.com.tr\/wp-content\/uploads\/2020\/06\/anasayfa-bg-compressor.jpg?id=888) !important;background-position: center !important;background-repeat: no-repeat !important;background-size: cover !important;}&#8221;][vc_column width=&#8221;1\/2&#8243; css=&#8221;.vc_custom_1475235191339{margin-top: 2.65em !important;margin-bottom: 0.6em !important;padding-left: 5.5em !important;}&#8221;]<div class=\"sc_section sc_section_block \" data-animation=\"animated fadeInLeft normal\"><div class=\"sc_section_inner\"><div class=\"sc_section_content_wrap\"><div class=\"sc_section margin_bottom_tiny- alignleft\" style=\"width:100%;width:100%;\"><div class=\"sc_section_inner\"><h2 class=\"sc_section_title sc_item_title sc_item_title_without_descr\">GSF GIDA<span><\/span><\/h2><div class=\"sc_section_content_wrap\"><\/div><\/div><\/div><div class=\"sc_section margin_bottom_huge section_style_call_section\"><div class=\"sc_section_inner\"><h2 class=\"sc_section_title sc_item_title sc_item_title_without_descr\">DO\u011eAL VE KAL\u0130TEL\u0130 \u00dcRET\u0130M<span><\/span><\/h2><div class=\"sc_section_content_wrap\"><\/div><\/div><\/div><\/div><\/div><\/div>[\/vc_column][vc_column width=&#8221;5\/12&#8243; css=&#8221;.vc_custom_1475235352066{margin-top: 3em !important;padding-left: 4.7em !important;}&#8221;]<figure class=\"sc_image  sc_image_shape_square margin_top_huge\" data-animation=\"animated fadeInRight normal\"><img src=\"https:\/\/gsfgida.com.tr\/wp-content\/uploads\/2020\/06\/sertifikalar.png\" alt=\"\" \/><\/figure>[\/vc_column][vc_column width=&#8221;1\/12&#8243;][\/vc_column][\/vc_row]<\/p>\n","protected":false},"excerpt":{"rendered":"<p>[vc_row full_width=&#8221;stretch_row&#8221; css=&#8221;.vc_custom_1591456026293{background-image: url(http:\/\/gsfgida.com.tr\/wp-content\/uploads\/2020\/06\/yellow_bg-compressor.png?id=855) !important;background-position: center !important;background-repeat: no-repeat !important;background-size: cover !important;}&#8221;][vc_column][\/vc_column][\/vc_row][vc_row][vc_column][\/vc_column][\/vc_row][vc_row][vc_column css=&#8221;.vc_custom_1475066123130{margin-top: 2.35rem !important;margin-bottom: 1rem !important;}&#8221;][\/vc_column][\/vc_row][vc_row full_width=&#8221;stretch_row&#8221; inverse=&#8221;yes&#8221; css=&#8221;.vc_custom_1591609988095{background-image: url(http:\/\/gsfgida.com.tr\/wp-content\/uploads\/2020\/06\/anasayfa-bg-compressor.jpg?id=888) !important;background-position: center !important;background-repeat: no-repeat !important;background-size: cover !important;}&#8221;][vc_column width=&#8221;1\/2&#8243; css=&#8221;.vc_custom_1475235191339{margin-top: 2.65em !important;margin-bottom: 0.6em !important;padding-left: 5.5em !important;}&#8221;][\/vc_column][vc_column width=&#8221;5\/12&#8243; css=&#8221;.vc_custom_1475235352066{margin-top: 3em !important;padding-left: 4.7em !important;}&#8221;][\/vc_column][vc_column width=&#8221;1\/12&#8243;][\/vc_column][\/vc_row]<\/p>\n","protected":false},"author":1,"featured_media":0,"parent":0,"menu_order":0,"comment_status":"closed","ping_status":"closed","template":"","meta":[],"_links":{"self":[{"href":"https:\/\/gsfgida.com.tr\/index.php?rest_route=\/wp\/v2\/pages\/129"}],"collection":[{"href":"https:\/\/gsfgida.com.tr\/index.php?rest_route=\/wp\/v2\/pages"}],"about":[{"href":"https:\/\/gsfgida.com.tr\/index.php?rest_route=\/wp\/v2\/types\/page"}],"author":[{"embeddable":true,"href":"https:\/\/gsfgida.com.tr\/index.php?rest_route=\/wp\/v2\/users\/1"}],"replies":[{"embeddable":true,"href":"https:\/\/gsfgida.com.tr\/index.php?rest_route=%2Fwp%2Fv2%2Fcomments&post=129"}],"version-history":[{"count":51,"href":"https:\/\/gsfgida.com.tr\/index.php?rest_route=\/wp\/v2\/pages\/129\/revisions"}],"predecessor-version":[{"id":1031,"href":"https:\/\/gsfgida.com.tr\/index.php?rest_route=\/wp\/v2\/pages\/129\/revisions\/1031"}],"wp:attachment":[{"href":"https:\/\/gsfgida.com.tr\/index.php?rest_route=%2Fwp%2Fv2%2Fmedia&parent=129"}],"curies":[{"name":"wp","href":"https:\/\/api.w.org\/{rel}","templated":true}]}}