{"id":1074,"date":"2020-12-23T16:50:48","date_gmt":"2020-12-23T13:50:48","guid":{"rendered":"https:\/\/gsfgida.com.tr\/?page_id=1074"},"modified":"2020-12-23T16:52:56","modified_gmt":"2020-12-23T13:52:56","slug":"gizlilik-politikasi","status":"publish","type":"page","link":"https:\/\/gsfgida.com.tr\/?page_id=1074","title":{"rendered":"Gizlilik Politikas\u0131"},"content":{"rendered":"\n<p><strong><em>GSF GIDA SANAY\u0130 FAB. \u00dcRET\u0130M SAN. VE T\u0130C. A.\u015e<\/em><\/strong><strong>\u2019ye.<\/strong>m\u00fc\u015fterilerinin verdi\u011fi t\u00fcm bilgilerin gizlili\u011fini korumak amac\u0131yla a\u015fa\u011f\u0131da belirtilen temel kurallar\u0131 benimsemi\u015ftir:<\/p>\n\n\n\n<ul><li>M\u00fc\u015fterilerimizden sadece \u00fcr\u00fcn\/hizmet ba\u015fvurular\u0131 ile ilgili olan ve kendilerine hizmet sunabilmemiz i\u00e7in gerekli g\u00f6rd\u00fc\u011f\u00fcm\u00fcz bilgileri talep ederiz.<\/li><li>M\u00fc\u015fterilerimizin g\u00fcvenli\u011fi ve globalelearning.com.tr \u00fczerinden giri\u015f yap\u0131lan bilgilerin gizlili\u011fini korumak amac\u0131yla&nbsp;<strong><em>GSF GIDA SANAY\u0130 FAB. \u00dcRET\u0130M SAN. VE T\u0130C. A.\u015e<\/em>\u2019ye <\/strong>\u2018nin sisteminin ve altyap\u0131s\u0131n\u0131n en g\u00fcvenilir seviyede tutulmas\u0131n\u0131 sa\u011flayacak b\u00fct\u00fcn \u00f6nlemler al\u0131nm\u0131\u015ft\u0131r.<\/li><li>M\u00fc\u015fterilerimizinwww.globalelearning.com.tr adresine \u00fcr\u00fcn\/hizmet ba\u015fvurusu ve bilgi g\u00fcncelleme ama\u00e7l\u0131 girmi\u015f olduklar\u0131 bilgilerin di\u011fer internet kullan\u0131c\u0131lar\u0131 taraf\u0131ndan g\u00f6r\u00fcnt\u00fclenmesini engellemek i\u00e7in gerekli b\u00fct\u00fcn \u00f6nlemler al\u0131nm\u0131\u015ft\u0131r.<\/li><li>M\u00fc\u015fterilerimizin \u015firketimiz ile payla\u015ft\u0131\u011f\u0131 bilgilere izinsiz ula\u015f\u0131m,&nbsp;<strong><em>GSF GIDA SANAY\u0130 FAB. \u00dcRET\u0130M SAN. VE T\u0130C. A.\u015e<\/em>\u2019ye<\/strong> personeli de dahil olmak \u00fczere k\u0131s\u0131tlanm\u0131\u015ft\u0131r. S\u00f6z konusu bilgiler m\u00fc\u015fterilerimizin onay\u0131 d\u0131\u015f\u0131nda ya da yasal bir y\u00fck\u00fcml\u00fcl\u00fck alt\u0131nda bulunulmad\u0131\u011f\u0131 s\u00fcrece herhangi bir \u00fc\u00e7\u00fcnc\u00fc \u015fah\u0131s, kurum ve kurulu\u015f ile payla\u015f\u0131lmaz.<\/li><li><strong><em>GSF GIDA SANAY\u0130 FAB. \u00dcRET\u0130M SAN. VE T\u0130C. A.\u015e<\/em><\/strong><strong>\u2019ye <\/strong>nin destek hizmetler almak amac\u0131yla farkl\u0131 kurulu\u015flarla \u00e7al\u0131\u015fmas\u0131 durumunda, bu firmalar\u0131n \u015firketimiz gizlilik standartlar\u0131na ve \u015fartlar\u0131na uymalar\u0131 sa\u011flan\u0131r.<\/li><li>Gizlilik Politikam\u0131z\u2019da yer alan taahh\u00fctlerimiz yaln\u0131zca globalelearning.com.tr adresimiz i\u00e7in ge\u00e7erli olup, <a href=\"http:\/\/www.com.tr\">www.com.tr<\/a> \u2019de linkleri verilen di\u011fer web sitelerini kapsamamaktad\u0131r. S\u00f6z konusu di\u011fer web sitelerinin kullan\u0131m\u0131nda o sitelere ait gizlilik politikas\u0131 ve kullan\u0131m \u015fartlar\u0131 ge\u00e7erlidir.<\/li><li><strong><em>GSF GIDA SANAY\u0130 FAB. \u00dcRET\u0130M SAN. VE T\u0130C. A.\u015e<\/em><\/strong><strong>\u2019ye gsf.com.tr <\/strong>&nbsp;adresi \u00fczerinden reklam, banner, i\u00e7erik veya ba\u015fka bir maksat ile ge\u00e7ilen di\u011fer web sitelerinin bilgi kullan\u0131m\u0131, etik ilkeleri, gizlilik politikalar\u0131, nitelik ve servis kalitesi ile bu sitelerde olu\u015fabilecek herhangi bir maddi\/manevi zarar ve kay\u0131plardan sorumlu de\u011fildir.<\/li><li>Gerek <a href=\"http:\/\/www.gsfgida.com.tr\">www.gsfgida.com.tr<\/a> \u2019de linkleri verilen di\u011fer web sitelerindeki, gerekse de di\u011fer internet sitelerine ba\u011flant\u0131lar\u0131n riski, kullan\u0131c\u0131ya aittir. Bu sitelerde verilen bilgilerin do\u011frulu\u011fu ile bu sitelerden verilen di\u011fer ba\u011flant\u0131lar\u0131n nitelikleri&nbsp;<strong><em>GSF GIDA SANAY\u0130 FAB. \u00dcRET\u0130M SAN. VE T\u0130C. A.\u015e<\/em>\u2019ye <\/strong>&nbsp;taraf\u0131ndan ara\u015ft\u0131r\u0131lmam\u0131\u015f ve do\u011frulanmam\u0131\u015ft\u0131r.<\/li><\/ul>\n\n\n\n<p>Genel Kullan\u0131m \u015eartlar\u0131 ve Sorumlulu\u011fun S\u0131n\u0131rland\u0131r\u0131lmas\u0131<\/p>\n\n\n\n<p><strong>GSF GIDA <\/strong>internet sitesine girmekle a\u015fa\u011f\u0131da belirtilen \u015fartlar\u0131 kabul etmi\u015f olursunuz.<\/p>\n\n\n\n<p>Bu nedenle \u00f6ncelikle \u201cGenel Kullan\u0131m \u015eartlar\u0131 ve Sorumlulu\u011fun S\u0131n\u0131rland\u0131r\u0131lmas\u0131\u201d ile ilgili a\u015fa\u011f\u0131da belirtilen \u015fartlar\u0131 dikkatle okuman\u0131z\u0131 rica ederiz.<\/p>\n\n\n\n<p>Belirtilen \u015fartlar\u0131 kabul etmiyorsan\u0131z l\u00fctfen Global E-Learning \u0130nternet Sitesi\u2019ni ve herhangi bir sayfas\u0131n\u0131 kullanmay\u0131n\u0131z, \u00fcr\u00fcn ve hizmet ba\u015fvurusunda bulunmay\u0131n\u0131z.<\/p>\n\n\n\n<ul><li>Bu internet sitesinde yer alan bilgi, materyal ve bunlar\u0131n d\u00fczenlenmesi konusundaki telif haklar\u0131, tescilli marka, patent, fikri ve di\u011fer m\u00fclkiyet haklar\u0131&nbsp;<strong><em>GSF GIDA SANAY\u0130 FAB. \u00dcRET\u0130M SAN. VE T\u0130C. A.\u015e<\/em>\u2019ye <\/strong>\u2018ye aittir. Herhangi bir ki\u015fi\/kurulu\u015f, \u00f6nceden<strong>&nbsp;<em>GSF GIDA SANAY\u0130 FAB. \u00dcRET\u0130M SAN. VE T\u0130C. A.\u015e<\/em>\u2019ye<\/strong>&nbsp;\u2018nin yaz\u0131l\u0131 iznini almaks\u0131z\u0131n, bu internet sitesinin belirli bir k\u0131sm\u0131n\u0131 ba\u015fka bir web sitesinde veya sair yerde kullanamaz veya ba\u015fka bir web sitesinden ba\u011flant\u0131 kuramaz.<\/li><li>Bu internet sitesinde verilen her t\u00fcrl\u00fc bilgiler ve materyaller \u201coldu\u011fu gibi\u201d, \u201cmevcut oldu\u011fu \u015fekilde\u201d sa\u011flanmaktad\u0131rlar.<strong>&nbsp;<em>GSF GIDA SANAY\u0130 FAB. \u00dcRET\u0130M SAN. VE T\u0130C. A.\u015e<\/em>\u2019ye<\/strong>&nbsp;bu bilgilerin do\u011frulu\u011funu ve yeterlili\u011fini garanti etmemekte olup, bu bilgilerdeki hatalar ya da eksiklikler nedeniyle do\u011fabilecek her t\u00fcrl\u00fc sorumlulu\u011fu a\u00e7\u0131k bir \u015fekilde reddetmektedir. Bu bilgilerle \u00fc\u00e7\u00fcnc\u00fc \u015fah\u0131slar\u0131n haklar\u0131n\u0131n ihlal edilmemesi; m\u00fclkiyet, sat\u0131labilirlik ve\/veya belirli bir ama\u00e7 i\u00e7in uygunlu\u011fa ili\u015fkin garantiler dahil ancak bunlarla s\u0131n\u0131rl\u0131 kalmamak kayd\u0131yla, z\u0131mnen, a\u00e7\u0131k\u00e7a ya da yasal olarak hi\u00e7bir garanti vermemektedir.<\/li><li>\u0130\u015fbu internet sitesinin kullan\u0131m\u0131 s\u0131ras\u0131nda herhangi bir performans ar\u0131zas\u0131, hata, eksiklik, kesinti, kusur, i\u015fletme ve\/veya nakilde gecikme, bilgisayar vir\u00fcs\u00fc, hat ve\/veya sistem ar\u0131zas\u0131 gibi sebeplerle ortaya \u00e7\u0131kan do\u011frudan ya da dolayl\u0131 zarar, ziyan ve masraflar da dahil ancak bunlarla s\u0131n\u0131rl\u0131 olmamak \u00fczere hi\u00e7bir zarar ve ziyandan,&nbsp;<strong><em>GSF GIDA SANAY\u0130 FAB. \u00dcRET\u0130M SAN. VE T\u0130C. A.\u015e<\/em>\u2019ye <\/strong>ve\/veya \u00e7al\u0131\u015fanlar\u0131, bu t\u00fcr bir zarar ve ziyan olas\u0131l\u0131\u011f\u0131ndan haberdar olsalar dahi, sorumlu de\u011fildirler.<\/li><li><strong><em>GSF GIDA SANAY\u0130 FAB. \u00dcRET\u0130M SAN. VE T\u0130C. A.\u015e<\/em><\/strong><strong>\u2019ye<\/strong>, bu internet sitesinde yer alan b\u00fct\u00fcn \u00fcr\u00fcn ve hizmetleri, sayfalar\u0131, bilgileri, g\u00f6rsel unsurlar\u0131 ve burada yer alan \u015fartlar\u0131 \u00f6nceden bildirimde bulunmadan de\u011fi\u015ftirme hakk\u0131n\u0131 sakl\u0131 tutar.<\/li><li>Bu internet sitesinin belirli b\u00f6l\u00fcm ve sayfalar\u0131nda yukar\u0131da belirtilenlere ek \u015fartlar \u00f6ng\u00f6r\u00fclm\u00fc\u015f olabilir. Burada belirtilen genel \u015fartlar ile ek \u015fartlar aras\u0131nda \u00e7eli\u015fki olmas\u0131 halinde ilgili b\u00f6l\u00fcm ve sayfaya ili\u015fkin ek \u015fartlar uygulan\u0131r.<\/li><li>Bu internet sitesinin kullan\u0131m\u0131ndan do\u011facak ihtilaflarda, kanunlar ihtilaf\u0131na ili\u015fkin h\u00fck\u00fcmleri dikkate al\u0131nmaks\u0131z\u0131n T\u00fcrk Hukuku uygulan\u0131r. \u0130htilaflar\u0131n hallinde, kanunen yetkili mahkemelerin yan\u0131 s\u0131ra Sakarya Mahkeme ve \u0130cra Daireleri de yetkilidir.\u200b\u200b<\/li><\/ul>\n","protected":false},"excerpt":{"rendered":"<p>GSF GIDA SANAY\u0130 FAB. \u00dcRET\u0130M SAN. VE T\u0130C. A.\u015e\u2019ye.m\u00fc\u015fterilerinin verdi\u011fi t\u00fcm bilgilerin gizlili\u011fini korumak amac\u0131yla a\u015fa\u011f\u0131da belirtilen temel kurallar\u0131 benimsemi\u015ftir: M\u00fc\u015fterilerimizden sadece \u00fcr\u00fcn\/hizmet ba\u015fvurular\u0131 ile ilgili olan ve kendilerine hizmet sunabilmemiz i\u00e7in gerekli g\u00f6rd\u00fc\u011f\u00fcm\u00fcz bilgileri talep ederiz. M\u00fc\u015fterilerimizin g\u00fcvenli\u011fi ve globalelearning.com.tr \u00fczerinden giri\u015f yap\u0131lan bilgilerin gizlili\u011fini korumak amac\u0131yla&nbsp;GSF GIDA SANAY\u0130 FAB. \u00dcRET\u0130M SAN. VE T\u0130C. [&hellip;]<\/p>\n","protected":false},"author":1,"featured_media":0,"parent":0,"menu_order":0,"comment_status":"closed","ping_status":"closed","template":"","meta":[],"_links":{"self":[{"href":"https:\/\/gsfgida.com.tr\/index.php?rest_route=\/wp\/v2\/pages\/1074"}],"collection":[{"href":"https:\/\/gsfgida.com.tr\/index.php?rest_route=\/wp\/v2\/pages"}],"about":[{"href":"https:\/\/gsfgida.com.tr\/index.php?rest_route=\/wp\/v2\/types\/page"}],"author":[{"embeddable":true,"href":"https:\/\/gsfgida.com.tr\/index.php?rest_route=\/wp\/v2\/users\/1"}],"replies":[{"embeddable":true,"href":"https:\/\/gsfgida.com.tr\/index.php?rest_route=%2Fwp%2Fv2%2Fcomments&post=1074"}],"version-history":[{"count":1,"href":"https:\/\/gsfgida.com.tr\/index.php?rest_route=\/wp\/v2\/pages\/1074\/revisions"}],"predecessor-version":[{"id":1075,"href":"https:\/\/gsfgida.com.tr\/index.php?rest_route=\/wp\/v2\/pages\/1074\/revisions\/1075"}],"wp:attachment":[{"href":"https:\/\/gsfgida.com.tr\/index.php?rest_route=%2Fwp%2Fv2%2Fmedia&parent=1074"}],"curies":[{"name":"wp","href":"https:\/\/api.w.org\/{rel}","templated":true}]}}