{"id":1072,"date":"2020-12-23T16:46:50","date_gmt":"2020-12-23T13:46:50","guid":{"rendered":"https:\/\/gsfgida.com.tr\/?page_id=1072"},"modified":"2020-12-23T16:49:51","modified_gmt":"2020-12-23T13:49:51","slug":"cerez-politikasi","status":"publish","type":"page","link":"https:\/\/gsfgida.com.tr\/?page_id=1072","title":{"rendered":"\u00c7erez Politikas\u0131"},"content":{"rendered":"\n<p><strong><em>GSF GIDA SANAY\u0130 FAB. \u00dcRET\u0130M SAN. VE T\u0130C. A.\u015e<\/em><\/strong>. olarak web sitelerimizi ziyaretleriniz s\u0131ras\u0131nda deneyiminizi geli\u015ftirmek i\u00e7in \u00e7erezlerden faydalan\u0131yoruz. Bu teknolojilerin kullan\u0131m\u0131 ba\u015fta 6698 say\u0131l\u0131 Ki\u015fisel Verilerin Korunmas\u0131 Kanunu (\u201cKVK Kanunu\u201d) olmak \u00fczere tabi oldu\u011fumuz mevzuata uygun \u015fekilde ger\u00e7ekle\u015ftirilmektedir. Ki\u015fisel verilerinizin \u015eirketimiz taraf\u0131ndan i\u015flenmesi hakk\u0131nda daha detayl\u0131 bilgi almak i\u00e7in www.globalelearning.com.tr adresinde yer alan \u201c<a href=\"https:\/\/globalelearning.com.tr\/kisisel-verilerin-korunmasi\/\">Ki\u015fisel Verilerin Korunmas\u0131<\/a>\u201d i\u00e7eri\u011fini okuman\u0131z\u0131 tavsiye ederiz.<\/p>\n\n\n\n<p>\u00c7erez Nedir?<\/p>\n\n\n\n<p>\u00c7erez, size daha h\u0131zl\u0131 ve g\u00fcvenli bir deneyim sa\u011flamak amac\u0131yla internet sitelerinin bilgisayar\u0131n\u0131za b\u0131rakt\u0131\u011f\u0131 tan\u0131mlama dosyalar\u0131d\u0131r. Sitemizi tekrar ziyaret etti\u011finizde bilgisayar\u0131n\u0131z\u0131 tan\u0131mam\u0131z\u0131, ihtiya\u00e7lar\u0131n\u0131za uygun ve size \u00f6zel hizmetleri daha \u00e7abuk sunmam\u0131z\u0131 sa\u011flarlar.<\/p>\n\n\n\n<p>Neden \u00c7erez Kullan\u0131yoruz?<\/p>\n\n\n\n<ul><li>\u0130nternet sitemiz \u00fczerinde daha sonraki ziyaretlerinizde kullan\u0131c\u0131 deneyimlerini iyile\u015ftirmek,<\/li><li>\u0130nternet sitemizin fonksiyonlar\u0131n\u0131 iyile\u015ftirmemize yard\u0131mc\u0131 olacak analizleri ve istatistikleri olu\u015fturmak,<\/li><li>Hesaplama ara\u00e7lar\u0131na girilen bilgileri kay\u0131t alt\u0131nda tutmak,<\/li><li>Kullan\u0131m al\u0131\u015fkanl\u0131klar\u0131n\u0131z \u00e7er\u00e7evesi de \u015firketimiz \u00fcr\u00fcn ve hizmetlerimizi tercihlerinize uygun olacak \u015fekilde sizlere sunabilmek, internet sitemizi ki\u015fiselle\u015ftirebilmek,<\/li><li>Daha etkin pazarlama faaliyetleri ger\u00e7ekle\u015ftirmek amac\u0131yla \u00e7erez kullan\u0131yoruz.<\/li><\/ul>\n\n\n\n<p>\u0130nternet sitemizde \u201cGe\u00e7ici \u00c7erezler\u201d ve \u201cKal\u0131c\u0131 \u00c7erezler\u201d olmak \u00fczere iki t\u00fcr \u00e7erez kullan\u0131lmaktad\u0131r.<\/p>\n\n\n\n<p>Ge\u00e7ici \u00e7erezler sitemizde ge\u00e7irdi\u011finiz s\u00fcre boyunca aktif olurlar ve internet sitesinden ayr\u0131ld\u0131\u011f\u0131n\u0131zda bilgisayar\u0131n\u0131zdan silinirler.<\/p>\n\n\n\n<p>Kal\u0131c\u0131 \u00e7erezler ise internet sitemizi ziyaret etti\u011finizde olu\u015fturulur, siz silinceye veya s\u00fcreleri doluncaya kadar sabit diskinizde kal\u0131rlar. Kal\u0131c\u0131 \u00e7erezler size ayarlar\u0131n\u0131z ile uyumlu ki\u015fiselle\u015ftirilmi\u015f bir deneyim sunmam\u0131z i\u00e7in yard\u0131mc\u0131 olurlar.<\/p>\n\n\n\n<p>Kal\u0131c\u0131 ve Ge\u00e7ici \u00c7erezler bilgisayar\u0131n\u0131zda veya dosyalar\u0131n\u0131zda depolanan ki\u015fisel verileriniz de dahil olmak \u00fczere kullan\u0131c\u0131lara ait gizli bilgileri toplamazlar.<\/p>\n\n\n\n<p>Ge\u00e7ici \u00c7erezleri Nerelerde Kullan\u0131yoruz?<\/p>\n\n\n\n<p>Ge\u00e7ici \u00e7erezleri; \u201cE\u011fitim Teklifi\u201d ve \u201cE\u011fitim Detay\u201d sayfalar\u0131nda, sizin otomatik bir yaz\u0131l\u0131m de\u011fil ger\u00e7ek bir insan oldu\u011funuzu do\u011frulamak i\u00e7in kullan\u0131lan \u201cCaptcha\u201d resmi uygulamas\u0131nda ve \u201cTeklif Hesaplama\u201d uygulamas\u0131nda kullan\u0131yoruz.<\/p>\n\n\n\n<p>Kal\u0131c\u0131 \u00c7erezleri Nerelerde Kullan\u0131yoruz?<\/p>\n\n\n\n<p>Kal\u0131c\u0131 \u00c7erezleri; hesaplama ara\u00e7lar\u0131nda, ki\u015fisel verilerde, son gezilen sayfalarda, bannerlarda, \u201cTeklif Talep\u201d sayfas\u0131nda bulunan il ve il\u00e7e tan\u0131mlamalar\u0131nda ve \u201cSurvey\u201d alan\u0131nda ankete kat\u0131lanlar i\u00e7in kullan\u0131yoruz.<\/p>\n\n\n\n<p>Kulland\u0131\u011f\u0131m\u0131z \u00c7erez T\u00fcrleri ve A\u00e7\u0131klamalar\u0131<\/p>\n\n\n\n<p>Oturum \u00c7erezleri<\/p>\n\n\n\n<p>\u0130nternet sayfalar\u0131 aras\u0131nda bilgi ta\u015f\u0131nmas\u0131 ve kullan\u0131c\u0131 taraf\u0131ndan girilen bilgilerin sistemsel olarak hat\u0131rlanmas\u0131 gibi \u00e7e\u015fitli \u00f6zelliklerden faydalanmaya olanak sa\u011flayan \u00e7erezlerdir ve internet sitesine ait fonksiyonlar\u0131n d\u00fczg\u00fcn bir \u015fekilde i\u015fleyebilmesi i\u00e7in gereklidir.<\/p>\n\n\n\n<p>Performans \u00c7erezleri<\/p>\n\n\n\n<p>Sayfalar\u0131n ziyaret edilme frekans\u0131, olas\u0131 hata iletileri, kullan\u0131c\u0131lar\u0131n ilgili sayfada harcad\u0131klar\u0131 toplam zaman ile birlikte siteyi kullan\u0131m desenleri konular\u0131nda bilgi toplayan \u00e7erezlerdir. \u0130nternet sitesinin performans\u0131n\u0131 art\u0131rma amac\u0131yla kullan\u0131lmaktad\u0131r.<\/p>\n\n\n\n<p>Fonksiyonel \u00c7erezler<\/p>\n\n\n\n<p>Kullan\u0131c\u0131ya kolayl\u0131k sa\u011flanmas\u0131 amac\u0131yla \u00f6nceden se\u00e7ili olan se\u00e7eneklerin hat\u0131rlat\u0131lmas\u0131n\u0131 sa\u011flayan \u00e7erezlerdir. Kullan\u0131c\u0131lara geli\u015fmi\u015f internet \u00f6zellikleri sa\u011flanmas\u0131n\u0131 hedeflemektedir.<\/p>\n\n\n\n<p>Operasyonel Ama\u00e7l\u0131 \u00c7erezler<\/p>\n\n\n\n<p>Sistemlerinin idaresi ve g\u00fcvenli\u011finin sa\u011flanmas\u0131 amac\u0131yla, bu sitedeki fonksiyonlardan yararlanmay\u0131 sa\u011flayan veyahut d\u00fczensiz davran\u0131\u015flar\u0131 tespit eden \u00e7erezlerdir.<\/p>\n\n\n\n<p>Reklam ve \u00dc\u00e7\u00fcnc\u00fc Taraf \u00c7erezleri<\/p>\n\n\n\n<p>\u00dc\u00e7\u00fcnc\u00fc parti tedarik\u00e7ilere ait \u00e7erezlerdir. \u0130nternet sitesindeki baz\u0131 fonksiyonlar\u0131n kullan\u0131m\u0131na ve reklam takibinin yap\u0131lmas\u0131na olanak sa\u011flamaktad\u0131r<\/p>\n\n\n\n<p>\u00c7erezlerin Kullan\u0131m\u0131n\u0131 Nas\u0131l Kontrol Edebilirsiniz?<\/p>\n\n\n\n<p><strong><em>GSF GIDA SANAY\u0130 FAB. \u00dcRET\u0130M SAN. VE T\u0130C. A.\u015e <\/em><\/strong>kulland\u0131\u011f\u0131 \u00e7erezlerde m\u00fc\u015fterilerine\/ kullan\u0131c\u0131lar\u0131na ait gizli bilgileri saklamaz. \u0130nternet taray\u0131c\u0131lar\u0131, \u00e7erezleri otomatik olarak kabul edecek \u015fekilde \u00f6n tan\u0131ml\u0131d\u0131r. Ancak \u00e7erezleri diledi\u011finiz gibi kontrol edebilir veya silebilirsiniz.<\/p>\n\n\n\n<p>\u00c7erezleri y\u00f6netmek taray\u0131c\u0131dan taray\u0131c\u0131ya farkl\u0131l\u0131k g\u00f6sterir. \u00c7erezlerin bilgisayar\u0131n\u0131zda saklanmas\u0131n\u0131 istemiyorsan\u0131z taray\u0131c\u0131n\u0131z\u0131n ayarlar k\u0131sm\u0131ndan \u00e7erez kullan\u0131m tercihlerinizi de\u011fi\u015ftirebilirsiniz. \u00c7erez y\u00f6netim ayarlar\u0131 taray\u0131c\u0131dan taray\u0131c\u0131ya farkl\u0131l\u0131k g\u00f6stermekte ve modern taray\u0131c\u0131lar\u0131n yard\u0131m men\u00fcleri alt\u0131nda \u00e7erezlere ili\u015fkin detayl\u0131 bilgiler yer almaktad\u0131r.<\/p>\n\n\n\n<p>\u00c7erezlerinizi y\u00f6netmek i\u00e7in a\u015fa\u011f\u0131daki linkleri kullanabilirsiniz. \u00c7erezleri tamamen engellemeyi tercih ederseniz <strong><em>GSF GIDA SANAY\u0130 FAB. \u00dcRET\u0130M SAN. VE T\u0130C. A.\u015e<\/em><\/strong>.ait internet siteleri d\u00fczg\u00fcn \u00e7al\u0131\u015fmayabilir ya da size \u00f6zel f\u0131rsatlar\u0131 g\u00f6remeyebilirsiniz.<\/p>\n\n\n\n<figure class=\"wp-block-table\"><table><tbody><tr><td>Adobe Analytics<\/td><td><a rel=\"noreferrer noopener\" href=\"http:\/\/www.adobe.com\/uk\/privacy\/opt-out.html\" target=\"_blank\">http:\/\/www.adobe.com\/uk\/privacy\/opt-out.html<\/a><\/td><\/tr><tr><td>AOL<\/td><td><a rel=\"noreferrer noopener\" href=\"https:\/\/help.aol.com\/articles\/restore-security-settings-and-enable-cookie-settings-on-browser\" target=\"_blank\">https:\/\/help.aol.com\/articles\/restore-security-settings-and-enable-cookie-settings-on-browser<\/a><\/td><\/tr><tr><td>Countly<\/td><td><a rel=\"noreferrer noopener\" href=\"http:\/\/count.ly\/legal\/cookie-policy\" target=\"_blank\">http:\/\/count.ly\/legal\/cookie-policy<\/a><\/td><\/tr><tr><td>Google Adwords<\/td><td><a rel=\"noreferrer noopener\" href=\"https:\/\/support.google.com\/ads\/answer\/2662922?hl=en\" target=\"_blank\">https:\/\/support.google.com\/ads\/answer\/2662922?hl=en<\/a><\/td><\/tr><tr><td>Google Analytics<\/td><td><a rel=\"noreferrer noopener\" href=\"https:\/\/tools.google.com\/dlpage\/gaoptout\" target=\"_blank\">https:\/\/tools.google.com\/dlpage\/gaoptout<\/a><\/td><\/tr><tr><td>Google Chrome<\/td><td><a rel=\"noreferrer noopener\" href=\"http:\/\/www.google.com\/support\/chrome\/bin\/answer.py?hl=en&amp;answer=95647\" target=\"_blank\">http:\/\/www.google.com\/support\/chrome\/bin\/answer.py?hl=en&amp;answer=95647<\/a><\/td><\/tr><tr><td>Internet Explorer<\/td><td><a rel=\"noreferrer noopener\" href=\"https:\/\/support.microsoft.com\/en-us\/help\/17442\/windows-internet-explorer-delete-manage-cookies\" target=\"_blank\">https:\/\/support.microsoft.com\/en-us\/help\/17442\/windows-internet-explorer-delete-manage-cookies<\/a><\/td><\/tr><tr><td>MozillaFirefox<\/td><td><a rel=\"noreferrer noopener\" href=\"http:\/\/support.mozilla.com\/en-US\/kb\/Cookies\" target=\"_blank\">http:\/\/support.mozilla.com\/en-US\/kb\/Cookies<\/a><\/td><\/tr><tr><td>Opera<\/td><td><a rel=\"noreferrer noopener\" href=\"http:\/\/www.opera.com\/browser\/tutorials\/security\/privacy\/\" target=\"_blank\">http:\/\/www.opera.com\/browser\/tutorials\/security\/privacy\/<\/a><\/td><\/tr><tr><td>SMPL.<\/td><td><a rel=\"noreferrer noopener\" href=\"https:\/\/www.hellosmpl.com\/privacy-policy\/\" target=\"_blank\">https:\/\/www.hellosmpl.com\/privacy-policy\/<\/a><\/td><\/tr><\/tbody><\/table><\/figure>\n\n\n\n<p><strong><em>GSF GIDA SANAY\u0130 FAB. \u00dcRET\u0130M SAN. VE T\u0130C. A.\u015e <\/em><\/strong>&nbsp;\u00c7erez Politikas\u0131 ile \u0130lgili \u00d6nemli Hat\u0131rlatmalar<\/p>\n\n\n\n<ul><li><strong><em>GSF GIDA SANAY\u0130 FAB. \u00dcRET\u0130M SAN. VE T\u0130C. A.\u015e <\/em><\/strong>&nbsp;gerekli g\u00f6rd\u00fc\u011f\u00fc durumlarda, kulland\u0131\u011f\u0131 \u00e7erezleri kullanmaktan vazge\u00e7ebilir, bunlar\u0131n t\u00fcrlerini veya fonksiyonlar\u0131n\u0131 de\u011fi\u015ftirebilir veya internet sitesine yeni \u00e7erezler ekleyebilir.<\/li><li><strong><em>GSF GIDA SANAY\u0130 FAB. \u00dcRET\u0130M SAN. VE T\u0130C. A.\u015e<\/em><\/strong>.\u2019nin \u00e7erez kullan\u0131m\u0131nda yapaca\u011f\u0131 de\u011fi\u015fiklikler \u00c7erez Politikas\u0131\u2019na yans\u0131t\u0131lacakt\u0131r. \u00c7erez Politikas\u0131\u2019n\u0131 belirli zamanlarda inceleyerek, \u00e7erez kullan\u0131m\u0131 ile ilgili bilgi edinmenizi tavsiye ederiz.<\/li><li><strong><em>GSF GIDA SANAY\u0130 FAB. \u00dcRET\u0130M SAN. VE T\u0130C. A.\u015e <\/em><\/strong>\u00e7erezleri&nbsp;<a href=\"https:\/\/globalelearning.com.tr\/kisisel-verilerin-korunmasi\/gizlilik-politikamiz\/\">Gizlilik Politikas\u0131&nbsp;<\/a>kapsam\u0131nda kullanmaktad\u0131r ve gerekli durumlarda \u00c7erez Politikas\u0131\u2019n\u0131 de\u011fi\u015ftirme hakk\u0131n\u0131 sakl\u0131 tutar.<\/li><\/ul>\n\n\n\n<p>Veri Sahibi Olarak Haklar\u0131n\u0131z Nelerdir?<\/p>\n\n\n\n<p>KVK Kanunu\u2019nun 11. maddesi uyar\u0131nca veri sahipleri;<\/p>\n\n\n\n<ul><li>Ki\u015fisel veri i\u015flenip i\u015flenmedi\u011fini \u00f6\u011frenme,<\/li><li>Ki\u015fisel verileri i\u015flenmi\u015fse buna ili\u015fkin bilgi talep etme,<\/li><li>Ki\u015fisel verilerin i\u015flenme amac\u0131n\u0131 ve bunlar\u0131n amac\u0131na uygun kullan\u0131l\u0131p kullan\u0131lmad\u0131\u011f\u0131n\u0131 \u00f6\u011frenme,<\/li><li>Yurt i\u00e7inde veya yurt d\u0131\u015f\u0131nda ki\u015fisel verilerin aktar\u0131ld\u0131\u011f\u0131 \u00fc\u00e7\u00fcnc\u00fc ki\u015fileri bilme,<\/li><li>Ki\u015fisel verilerin eksik veya yanl\u0131\u015f i\u015flenmi\u015f olmas\u0131 h\u00e2linde bunlar\u0131n d\u00fczeltilmesini isteme ve bu kapsamda yap\u0131lan i\u015flemin ki\u015fisel verilerin aktar\u0131ld\u0131\u011f\u0131 \u00fc\u00e7\u00fcnc\u00fc ki\u015filere bildirilmesini isteme,<\/li><li>KVK Kanunu ve ilgili di\u011fer kanun h\u00fck\u00fcmlerine uygun olarak i\u015flenmi\u015f olmas\u0131na ra\u011fmen, i\u015flenmesini gerektiren sebeplerin ortadan kalkmas\u0131 h\u00e2linde ki\u015fisel verilerin silinmesini veya yok edilmesini isteme ve bu kapsamda yap\u0131lan i\u015flemin ki\u015fisel verilerin aktar\u0131ld\u0131\u011f\u0131 \u00fc\u00e7\u00fcnc\u00fc ki\u015filere bildirilmesini isteme,<\/li><li>\u0130\u015flenen verilerin m\u00fcnhas\u0131ran otomatik sistemler vas\u0131tas\u0131yla analiz edilmesi suretiyle ki\u015finin kendisi aleyhine bir sonucun ortaya \u00e7\u0131kmas\u0131na itiraz etme,<\/li><li>Ki\u015fisel verilerin kanuna ayk\u0131r\u0131 olarak i\u015flenmesi sebebiyle zarara u\u011framas\u0131 h\u00e2linde zarar\u0131n giderilmesini talep etme haklar\u0131na sahiptir.<\/li><\/ul>\n\n\n\n<p>S\u00f6z konusu haklar\u0131n\u0131za ili\u015fkin taleplerinizi&nbsp;<a href=\"mailto:kvkk@gsfgida.com.tr\">kvkk@gsfgida.com.tr<\/a> &nbsp;Mail adresinden,&nbsp;<a href=\"tel:+902644477030\">90 264 447 70 30<\/a> &nbsp;numaral\u0131 M\u00fc\u015fteri \u0130leti\u015fim Merkezimizi arayarak veya \u015fubelerimizden iletmeniz halinde ba\u015fvurular\u0131n\u0131z en k\u0131sa s\u00fcrede ve en ge\u00e7 30 (otuz) g\u00fcn i\u00e7erisinde de\u011ferlendirilerek sonu\u00e7land\u0131r\u0131lacakt\u0131r. \u200b<\/p>\n","protected":false},"excerpt":{"rendered":"<p>GSF GIDA SANAY\u0130 FAB. \u00dcRET\u0130M SAN. VE T\u0130C. A.\u015e. olarak web sitelerimizi ziyaretleriniz s\u0131ras\u0131nda deneyiminizi geli\u015ftirmek i\u00e7in \u00e7erezlerden faydalan\u0131yoruz. Bu teknolojilerin kullan\u0131m\u0131 ba\u015fta 6698 say\u0131l\u0131 Ki\u015fisel Verilerin Korunmas\u0131 Kanunu (\u201cKVK Kanunu\u201d) olmak \u00fczere tabi oldu\u011fumuz mevzuata uygun \u015fekilde ger\u00e7ekle\u015ftirilmektedir. Ki\u015fisel verilerinizin \u015eirketimiz taraf\u0131ndan i\u015flenmesi hakk\u0131nda daha detayl\u0131 bilgi almak i\u00e7in www.globalelearning.com.tr adresinde yer alan \u201cKi\u015fisel [&hellip;]<\/p>\n","protected":false},"author":1,"featured_media":0,"parent":0,"menu_order":0,"comment_status":"closed","ping_status":"closed","template":"","meta":[],"_links":{"self":[{"href":"https:\/\/gsfgida.com.tr\/index.php?rest_route=\/wp\/v2\/pages\/1072"}],"collection":[{"href":"https:\/\/gsfgida.com.tr\/index.php?rest_route=\/wp\/v2\/pages"}],"about":[{"href":"https:\/\/gsfgida.com.tr\/index.php?rest_route=\/wp\/v2\/types\/page"}],"author":[{"embeddable":true,"href":"https:\/\/gsfgida.com.tr\/index.php?rest_route=\/wp\/v2\/users\/1"}],"replies":[{"embeddable":true,"href":"https:\/\/gsfgida.com.tr\/index.php?rest_route=%2Fwp%2Fv2%2Fcomments&post=1072"}],"version-history":[{"count":1,"href":"https:\/\/gsfgida.com.tr\/index.php?rest_route=\/wp\/v2\/pages\/1072\/revisions"}],"predecessor-version":[{"id":1073,"href":"https:\/\/gsfgida.com.tr\/index.php?rest_route=\/wp\/v2\/pages\/1072\/revisions\/1073"}],"wp:attachment":[{"href":"https:\/\/gsfgida.com.tr\/index.php?rest_route=%2Fwp%2Fv2%2Fmedia&parent=1072"}],"curies":[{"name":"wp","href":"https:\/\/api.w.org\/{rel}","templated":true}]}}