{"id":1066,"date":"2020-12-21T17:06:34","date_gmt":"2020-12-21T14:06:34","guid":{"rendered":"https:\/\/gsfgida.com.tr\/?page_id=1066"},"modified":"2020-12-21T17:11:57","modified_gmt":"2020-12-21T14:11:57","slug":"kvkk","status":"publish","type":"page","link":"https:\/\/gsfgida.com.tr\/?page_id=1066","title":{"rendered":"Ki\u015fisel Verilerin Korunma Kanunu"},"content":{"rendered":"\n<p class=\"has-text-align-left\"><strong><em>GSF GIDA SANAY\u0130 FAB. \u00dcRET\u0130M SAN. VE T\u0130C. A.\u015e <\/em><\/strong>olarak m\u00fc\u015fterilerimizin, tedarik\u00e7ilerimizin, \u00e7al\u0131\u015fanlar\u0131m\u0131z\u0131n ve \u00e7al\u0131\u015fan adaylar\u0131m\u0131z\u0131n ki\u015fisel verilerine ili\u015fkin gizlili\u011fin korunmas\u0131, bilgi g\u00fcvenli\u011finin sa\u011flanmas\u0131 ve korunmas\u0131 \u00f6ncelikli prensiplerimiz aras\u0131nda yer almaktad\u0131r.<\/p>\n\n\n\n<p class=\"has-text-align-left\"><strong>Ki\u015fisel Verilerin Korunmas\u0131 Hakk\u0131nda Ayd\u0131nlatma<\/strong><\/p>\n\n\n\n<p class=\"has-text-align-left\">6698 say\u0131l\u0131 Ki\u015fisel Verilerin Korunmas\u0131 Kanunu (\u201cKanun\u201d olarak an\u0131lacakt\u0131r) kapsam\u0131nda firmam\u0131z ile payla\u015fm\u0131\u015f oldu\u011funuz ki\u015fisel verileriniz (\u00f6\u011frenim bilgileriniz, \u00e7al\u0131\u015fma ve sosyal hayat\u0131n\u0131za ili\u015fkin bilgiler, mali durumunuz) ile \u00f6zel nitelikli ki\u015fisel verileriniz (sendika\/dernek\/vak\u0131f \u00fcyeliklerine ili\u015fkin bilgiler, ceza mahkumiyeti, medeni haliniz, cinsel hayat, biyometrik veri ve sa\u011fl\u0131k durumunuza ili\u015fkin bilgiler) firmam\u0131z taraf\u0131ndan Kanun\u2019a uygun \u015fekilde saklanacak, kaydedilecek, g\u00fcncellenecek, mevzuat\u0131n izin verdi\u011fi durumlarda 3. ki\u015filere a\u00e7\u0131klanabilecek \/ devredilebilecek, s\u0131n\u0131fland\u0131r\u0131labilecek ve Kanun\u2019da say\u0131lan \u015fekillerde i\u015flenebilecektir.<\/p>\n\n\n\n<p class=\"has-text-align-left\"><strong>Ki\u015fisel Veri Aktar\u0131m ve <\/strong><strong>Ama\u00e7lar\u0131<\/strong><\/p>\n\n\n\n<p class=\"has-text-align-left\">\u0130\u015flenen ki\u015fisel verileriniz KVKK Md.28\/1 \u00e7er\u00e7evesinde talep edilmesi halinde ayd\u0131nlatma y\u00fck\u00fcml\u00fcl\u00fc\u011f\u00fc olmadan ve a\u00e7\u0131k r\u0131zan\u0131z aranmadan ilgili makamlara aktar\u0131labilir.<\/p>\n\n\n\n<p class=\"has-text-align-left\">Bunun d\u0131\u015f\u0131nda \u00f6ng\u00f6r\u00fclemeyen durumlarda da ki\u015fisel verileriniz kanunlarda a\u00e7\u0131k\u00e7a belirtilmi\u015f durumlarda talep edilmesi halinde kanunlarda belirtilen kamu kurumlar\u0131na (bakanl\u0131klar, Cumhurba\u015fkanl\u0131\u011f\u0131 kurullar\u0131 gibi idari makamlara) kanunda \u00f6ng\u00f6r\u00fclen ama\u00e7 ve s\u0131n\u0131rlamalar dahilinde aktar\u0131labilir. Bu a\u015famada \u00f6ng\u00f6r\u00fclebilir b\u00f6yle bir durumun olmamas\u0131 sebebiyle bilgi verilememektedir. Bunun ger\u00e7ekle\u015fmesi durumunda taraf\u0131n\u0131z ayr\u0131ca \u00f6nceden bilgilendirilecektir.<\/p>\n\n\n\n<p class=\"has-text-align-left\">Ayr\u0131ca, s\u00f6zle\u015fme gereksinimleri, sunulan hizmetin tam, do\u011fru ve zaman\u0131nda yap\u0131labilmesi, talep ve \u015fikayetlerin kar\u015f\u0131lanabilmesi, sekt\u00f6r birlikleri ve <strong><em>GSF GIDA SANAY\u0130 FAB. \u00dcRET\u0130M SAN. VE T\u0130C. A.\u015e <\/em><\/strong>i\u015ftirakleri ve hizmet sa\u011flay\u0131c\u0131lar\u0131 (i\u015f orta\u011f\u0131) ile payla\u015f\u0131lmaktad\u0131r.&nbsp;&nbsp;&nbsp;&nbsp;<\/p>\n\n\n\n<p class=\"has-text-align-left\">Ki\u015fisel verileriniz, ayd\u0131nlatma y\u00fck\u00fcml\u00fcl\u00fc\u011f\u00fc olmayan ve a\u00e7\u0131k r\u0131zan\u0131z\u0131 gerektirmeyen yasal y\u00fck\u00fcml\u00fcl\u00fcklerimiz d\u0131\u015f\u0131nda herhangi bir ger\u00e7ek ve t\u00fczel ki\u015fi ve kurum ve kurulu\u015fa aktar\u0131lmamaktad\u0131r<\/p>\n\n\n\n<p class=\"has-text-align-left\"><strong>Veri Sahibi Olarak Haklar\u0131n\u0131z\u200b<\/strong><strong>:<\/strong><\/p>\n\n\n\n<p class=\"has-text-align-left\">Ki\u015fisel Verilerinizin i\u015flenmesi ile ilgili olarak veri sorumlusu s\u0131fat\u0131yla<strong><em> GSF GIDA SANAY\u0130 FAB. \u00dcRET\u0130M SAN. VE T\u0130C. <\/em><\/strong><strong><em>A.\u015e<\/em><\/strong>\u2019ye ba\u015fvurarak:<\/p>\n\n\n\n<p class=\"has-text-align-left\"><strong>a.<\/strong>&nbsp;Ki\u015fisel verinizin i\u015flenip i\u015flenmedi\u011fini \u00f6\u011frenme,<\/p>\n\n\n\n<p class=\"has-text-align-left\"><strong>b.&nbsp;<\/strong>Ki\u015fisel veriniz i\u015flenmi\u015fse buna ili\u015fkin bilgi talep etme,<\/p>\n\n\n\n<p class=\"has-text-align-left\"><strong>c.&nbsp;<\/strong>Ki\u015fisel verilerinizin i\u015flenme amac\u0131n\u0131 ve bunlar\u0131n amac\u0131na uygun kullan\u0131l\u0131p kullan\u0131lmad\u0131\u011f\u0131n\u0131 \u00f6\u011frenme,<\/p>\n\n\n\n<p class=\"has-text-align-left\"><strong>\u00e7.&nbsp;<\/strong>Yurt i\u00e7inde veya yurt d\u0131\u015f\u0131nda ki\u015fisel verilerinizin aktar\u0131ld\u0131\u011f\u0131 \u00fc\u00e7\u00fcnc\u00fc ki\u015fileri bilme,<\/p>\n\n\n\n<p class=\"has-text-align-left\"><strong>d.&nbsp;<\/strong>Ki\u015fisel verileriniz eksik veya yanl\u0131\u015f i\u015flenmi\u015f olmas\u0131 h\u00e2linde bunlar\u0131n d\u00fczeltilmesini isteme,<\/p>\n\n\n\n<p class=\"has-text-align-left\"><strong>e.<\/strong>&nbsp;Kanunu\u2019n 7. Maddesinde \u00f6ng\u00f6r\u00fclen \u015fartlar \u00e7er\u00e7evesinde ki\u015fisel verilerin silinmesini veya yok edilmesini isteme,<\/p>\n\n\n\n<p class=\"has-text-align-left\"><strong>f.<\/strong>&nbsp;(d) ve (e) bentleri uyar\u0131nca yap\u0131lan i\u015flemlerin, ki\u015fisel verilerin aktar\u0131ld\u0131\u011f\u0131 \u00fc\u00e7\u00fcnc\u00fc ki\u015filerin bildirilmesini isteme,<\/p>\n\n\n\n<p class=\"has-text-align-left\"><strong>g.<\/strong>&nbsp;\u0130\u015flenen verilerin m\u00fcnhas\u0131ran otomatik sistemler vas\u0131tas\u0131yla analiz edilmesi suretiyle ki\u015finin kendisi aleyhine bir sonucun ortaya \u00e7\u0131kmas\u0131na itiraz etme, ve<\/p>\n\n\n\n<p class=\"has-text-align-left\"><strong>\u011f.&nbsp;<\/strong>Ki\u015fisel verilerinizin Kanun\u2019a ayk\u0131r\u0131 olarak i\u015flenmesi sebebiyle zarara u\u011framas\u0131 h\u00e2linde zarar\u0131n giderilmesini talep etme, haklar\u0131na sahip oldu\u011funuzu bilgilerinize sunar\u0131z.<\/p>\n\n\n\n<p class=\"has-text-align-left\"><strong>Ki\u015fisel Verilerinizin i\u015flenmesi ile ilgili talep ve <\/strong><strong>\u015fikayetlerinizi <\/strong><strong><a href=\"mailto:kvkk@gsfgida.com.tr\">kvkk@gsfgida.com.tr<\/a><\/strong><strong>&nbsp; veya<\/strong><\/p>\n\n\n\n<p class=\"has-text-align-left\"><a href=\"tel:+902644477030\">90 264 447 70 30<\/a> numaral\u0131 telefonundan veya <strong>Osman Bey K\u00f6y\u00fc K\u00f6y <\/strong><strong>Sk<\/strong><strong>. No:302 Akyaz\u0131 \/ Sakarya <\/strong>adresinden bildirebilirsiniz.<\/p>\n","protected":false},"excerpt":{"rendered":"<p>GSF GIDA SANAY\u0130 FAB. \u00dcRET\u0130M SAN. VE T\u0130C. A.\u015e olarak m\u00fc\u015fterilerimizin, tedarik\u00e7ilerimizin, \u00e7al\u0131\u015fanlar\u0131m\u0131z\u0131n ve \u00e7al\u0131\u015fan adaylar\u0131m\u0131z\u0131n ki\u015fisel verilerine ili\u015fkin gizlili\u011fin korunmas\u0131, bilgi g\u00fcvenli\u011finin sa\u011flanmas\u0131 ve korunmas\u0131 \u00f6ncelikli prensiplerimiz aras\u0131nda yer almaktad\u0131r. Ki\u015fisel Verilerin Korunmas\u0131 Hakk\u0131nda Ayd\u0131nlatma 6698 say\u0131l\u0131 Ki\u015fisel Verilerin Korunmas\u0131 Kanunu (\u201cKanun\u201d olarak an\u0131lacakt\u0131r) kapsam\u0131nda firmam\u0131z ile payla\u015fm\u0131\u015f oldu\u011funuz ki\u015fisel verileriniz (\u00f6\u011frenim bilgileriniz, \u00e7al\u0131\u015fma [&hellip;]<\/p>\n","protected":false},"author":1,"featured_media":0,"parent":0,"menu_order":0,"comment_status":"closed","ping_status":"closed","template":"redux-templates_full_width","meta":[],"_links":{"self":[{"href":"https:\/\/gsfgida.com.tr\/index.php?rest_route=\/wp\/v2\/pages\/1066"}],"collection":[{"href":"https:\/\/gsfgida.com.tr\/index.php?rest_route=\/wp\/v2\/pages"}],"about":[{"href":"https:\/\/gsfgida.com.tr\/index.php?rest_route=\/wp\/v2\/types\/page"}],"author":[{"embeddable":true,"href":"https:\/\/gsfgida.com.tr\/index.php?rest_route=\/wp\/v2\/users\/1"}],"replies":[{"embeddable":true,"href":"https:\/\/gsfgida.com.tr\/index.php?rest_route=%2Fwp%2Fv2%2Fcomments&post=1066"}],"version-history":[{"count":3,"href":"https:\/\/gsfgida.com.tr\/index.php?rest_route=\/wp\/v2\/pages\/1066\/revisions"}],"predecessor-version":[{"id":1070,"href":"https:\/\/gsfgida.com.tr\/index.php?rest_route=\/wp\/v2\/pages\/1066\/revisions\/1070"}],"wp:attachment":[{"href":"https:\/\/gsfgida.com.tr\/index.php?rest_route=%2Fwp%2Fv2%2Fmedia&parent=1066"}],"curies":[{"name":"wp","href":"https:\/\/api.w.org\/{rel}","templated":true}]}}