{"id":1013,"date":"2020-07-27T14:46:17","date_gmt":"2020-07-27T11:46:17","guid":{"rendered":"http:\/\/gsfgida.com.tr\/?page_id=1013"},"modified":"2020-08-29T12:47:04","modified_gmt":"2020-08-29T09:47:04","slug":"urunler","status":"publish","type":"page","link":"https:\/\/gsfgida.com.tr\/?page_id=1013","title":{"rendered":"\u00dcr\u00fcnlerimiz"},"content":{"rendered":"<p>[vc_row][vc_column css=&#8221;.vc_custom_1475066123130{margin-top: 2.35rem !important;margin-bottom: 1rem !important;}&#8221;]<div id=\"sc_services_2002140859_wrap\" class=\"sc_services_wrap\"><div id=\"sc_services_2002140859\" class=\"sc_services sc_services_style_services-1 sc_services_type_images  margin_top_large margin_bottom_large\" style=\"width:100%;\" data-animation=\"animated fadeInUp normal\"><div class=\"sc_columns columns_wrap\"><div class=\"column-1_4 column_padding_bottom\">\t\t\t<div id=\"sc_services_2002140859_1\"\t\t\t\tclass=\"sc_services_item sc_services_item_1 odd first\"\n\t\t\t\t>\n\t\t\t\t\t\t\t\t\t<div class=\"sc_services_item_featured post_featured\">\n\t\t\t\t\t\t\t<div class=\"post_thumb\" data-image=\"\" data-title=\"MISIR N\u0130\u015eASTASI\">\n\t<a class=\"hover_icon hover_icon_link\" href=\"http:\/\/gsfgida.com.tr\/product-category\/misir-nisastasi\/\"><img class=\"wp-post-image\" width=\"370\" height=\"300\" alt=\"urunlerimiz-nisasta-compressor.jpg\" src=\"https:\/\/gsfgida.com.tr\/wp-content\/uploads\/2020\/06\/urunlerimiz-nisasta-compressor.jpg\"><\/a>\t<\/div>\n\t\t\t\t\t\t<\/div>\n\t\t\t\t\t\t\t\t\t<div class=\"sc_services_item_content\">\n\t\t\t\t\t<h4 class=\"sc_services_item_title\"><a href=\"http:\/\/gsfgida.com.tr\/product-category\/misir-nisastasi\/\">MISIR N\u0130\u015eASTASI<\/a><\/h4>\n\t\t\t\t\t<div class=\"sc_services_item_description\">\n\t\t\t\t\t\t<p>[vc_column_text]<\/p>\n<p>Birinci Kalite Do\u011fal M\u0131s\u0131r \u00dcr\u00fcnleri<\/p>\n<p>[\/vc_column_text]<\/p><a href=\"http:\/\/gsfgida.com.tr\/product-category\/misir-nisastasi\/\" class=\"sc_button sc_button_square sc_button_style_filled sc_button_size_small\">T\u00dcM \u00dcR\u00dcNLER<\/a>\t\t\t\t\t<\/div>\n\t\t\t\t<\/div>\n\t\t\t<\/div>\n\t\t<\/div><div class=\"column-1_4 column_padding_bottom\">\t\t\t<div id=\"sc_services_2002140859_2\"\t\t\t\tclass=\"sc_services_item sc_services_item_2 even\"\n\t\t\t\t>\n\t\t\t\t\t\t\t\t\t<div class=\"sc_services_item_featured post_featured\">\n\t\t\t\t\t\t\t<div class=\"post_thumb\" data-image=\"\" data-title=\"GL\u0130KOZ \u015eURUPLARI\">\n\t<a class=\"hover_icon hover_icon_link\" href=\"http:\/\/gsfgida.com.tr\/product-category\/glikoz\/\"><img class=\"wp-post-image\" width=\"370\" height=\"300\" alt=\"urunlerimiz-misir-surubu.jpg\" src=\"https:\/\/gsfgida.com.tr\/wp-content\/uploads\/2020\/06\/urunlerimiz-misir-surubu.jpg\"><\/a>\t<\/div>\n\t\t\t\t\t\t<\/div>\n\t\t\t\t\t\t\t\t\t<div class=\"sc_services_item_content\">\n\t\t\t\t\t<h4 class=\"sc_services_item_title\"><a href=\"http:\/\/gsfgida.com.tr\/product-category\/glikoz\/\">GL\u0130KOZ \u015eURUPLARI<\/a><\/h4>\n\t\t\t\t\t<div class=\"sc_services_item_description\">\n\t\t\t\t\t\t<p>[vc_column_text]<\/p>\n<p>Birinci Kalite Do\u011fal M\u0131s\u0131r \u015euruplar\u0131<\/p>\n<p>[\/vc_column_text]<\/p><a href=\"http:\/\/gsfgida.com.tr\/product-category\/glikoz\/\" class=\"sc_button sc_button_square sc_button_style_filled sc_button_size_small\">T\u00dcM \u00dcR\u00dcNLER<\/a>\t\t\t\t\t<\/div>\n\t\t\t\t<\/div>\n\t\t\t<\/div>\n\t\t<\/div><div class=\"column-1_4 column_padding_bottom\">\t\t\t<div id=\"sc_services_2002140859_3\"\t\t\t\tclass=\"sc_services_item sc_services_item_3 odd\"\n\t\t\t\t>\n\t\t\t\t\t\t\t\t\t<div class=\"sc_services_item_featured post_featured\">\n\t\t\t\t\t\t\t<div class=\"post_thumb\" data-image=\"\" data-title=\"FRUKTOZ \u015eURUPLARI\">\n\t<a class=\"hover_icon hover_icon_link\" href=\"http:\/\/gsfgida.com.tr\/product-category\/fruktoz\/\"><img class=\"wp-post-image\" width=\"370\" height=\"300\" alt=\"urunlerimiz-misir.jpg\" src=\"https:\/\/gsfgida.com.tr\/wp-content\/uploads\/2020\/06\/urunlerimiz-misir.jpg\"><\/a>\t<\/div>\n\t\t\t\t\t\t<\/div>\n\t\t\t\t\t\t\t\t\t<div class=\"sc_services_item_content\">\n\t\t\t\t\t<h4 class=\"sc_services_item_title\"><a href=\"http:\/\/gsfgida.com.tr\/product-category\/fruktoz\/\">FRUKTOZ \u015eURUPLARI<\/a><\/h4>\n\t\t\t\t\t<div class=\"sc_services_item_description\">\n\t\t\t\t\t\t<p>[vc_column_text]<\/p>\n<p>Birinci Kalite Do\u011fal M\u0131s\u0131r Ni\u015fastas\u0131<\/p>\n<p>[\/vc_column_text]<\/p><a href=\"http:\/\/gsfgida.com.tr\/product-category\/fruktoz\/\" class=\"sc_button sc_button_square sc_button_style_filled sc_button_size_small\">T\u00dcM \u00dcR\u00dcNLER<\/a>\t\t\t\t\t<\/div>\n\t\t\t\t<\/div>\n\t\t\t<\/div>\n\t\t<\/div><div class=\"column-1_4 column_padding_bottom\">\t\t\t<div id=\"sc_services_2002140859_4\"\t\t\t\tclass=\"sc_services_item sc_services_item_4 even\"\n\t\t\t\t>\n\t\t\t\t\t\t\t\t\t<div class=\"sc_services_item_featured post_featured\">\n\t\t\t\t\t\t\t<div class=\"post_thumb\" data-image=\"\" data-title=\"YAN \u00dcR\u00dcNLER\">\n\t<a class=\"hover_icon hover_icon_link\" href=\"http:\/\/gsfgida.com.tr\/product-category\/yan-urunler\/\"><img class=\"wp-post-image\" width=\"370\" height=\"300\" alt=\"urunlerimiz-yan.jpg\" src=\"https:\/\/gsfgida.com.tr\/wp-content\/uploads\/2020\/06\/urunlerimiz-yan.jpg\"><\/a>\t<\/div>\n\t\t\t\t\t\t<\/div>\n\t\t\t\t\t\t\t\t\t<div class=\"sc_services_item_content\">\n\t\t\t\t\t<h4 class=\"sc_services_item_title\"><a href=\"http:\/\/gsfgida.com.tr\/product-category\/yan-urunler\/\">YAN \u00dcR\u00dcNLER<\/a><\/h4>\n\t\t\t\t\t<div class=\"sc_services_item_description\">\n\t\t\t\t\t\t<p>[vc_column_text]<\/p>\n<p>Birinci Kalite Yan \u00dcr\u00fcnler<\/p>\n<p>[\/vc_column_text]<\/p><a href=\"http:\/\/gsfgida.com.tr\/product-category\/yan-urunler\/\" class=\"sc_button sc_button_square sc_button_style_filled sc_button_size_small\">T\u00dcM \u00dcR\u00dcNLER<\/a>\t\t\t\t\t<\/div>\n\t\t\t\t<\/div>\n\t\t\t<\/div>\n\t\t<\/div><\/div><\/div><!-- \/.sc_services --><\/div><!-- \/.sc_services_wrap -->[\/vc_column][\/vc_row]<\/p>\n","protected":false},"excerpt":{"rendered":"<p>[vc_row][vc_column css=&#8221;.vc_custom_1475066123130{margin-top: 2.35rem !important;margin-bottom: 1rem !important;}&#8221;][\/vc_column][\/vc_row]<\/p>\n","protected":false},"author":1,"featured_media":0,"parent":0,"menu_order":0,"comment_status":"closed","ping_status":"closed","template":"","meta":[],"_links":{"self":[{"href":"https:\/\/gsfgida.com.tr\/index.php?rest_route=\/wp\/v2\/pages\/1013"}],"collection":[{"href":"https:\/\/gsfgida.com.tr\/index.php?rest_route=\/wp\/v2\/pages"}],"about":[{"href":"https:\/\/gsfgida.com.tr\/index.php?rest_route=\/wp\/v2\/types\/page"}],"author":[{"embeddable":true,"href":"https:\/\/gsfgida.com.tr\/index.php?rest_route=\/wp\/v2\/users\/1"}],"replies":[{"embeddable":true,"href":"https:\/\/gsfgida.com.tr\/index.php?rest_route=%2Fwp%2Fv2%2Fcomments&post=1013"}],"version-history":[{"count":7,"href":"https:\/\/gsfgida.com.tr\/index.php?rest_route=\/wp\/v2\/pages\/1013\/revisions"}],"predecessor-version":[{"id":1032,"href":"https:\/\/gsfgida.com.tr\/index.php?rest_route=\/wp\/v2\/pages\/1013\/revisions\/1032"}],"wp:attachment":[{"href":"https:\/\/gsfgida.com.tr\/index.php?rest_route=%2Fwp%2Fv2%2Fmedia&parent=1013"}],"curies":[{"name":"wp","href":"https:\/\/api.w.org\/{rel}","templated":true}]}}